{"id":6039,"date":"2018-11-30T14:17:23","date_gmt":"2018-11-30T13:17:23","guid":{"rendered":"https:\/\/www.hotelchristopher.com\/suite-oceano-panoramico-junior\/"},"modified":"2021-07-01T17:05:47","modified_gmt":"2021-07-01T15:05:47","slug":"suite-oceano-panoramico-junior","status":"publish","type":"page","link":"https:\/\/www.hotelchristopher.com\/pt-br\/quartos-suites\/suite-oceano-panoramico-junior\/","title":{"rendered":"Su\u00edte Oceano Panor\u00e2mico J\u00fanior"},"content":{"rendered":"","protected":false},"excerpt":{"rendered":"","protected":false},"author":2,"featured_media":0,"parent":6442,"menu_order":0,"comment_status":"closed","ping_status":"closed","template":"template-chambre2025.php","meta":{"footnotes":""},"acf":[],"_links":{"self":[{"href":"https:\/\/www.hotelchristopher.com\/pt-br\/wp-json\/wp\/v2\/pages\/6039"}],"collection":[{"href":"https:\/\/www.hotelchristopher.com\/pt-br\/wp-json\/wp\/v2\/pages"}],"about":[{"href":"https:\/\/www.hotelchristopher.com\/pt-br\/wp-json\/wp\/v2\/types\/page"}],"author":[{"embeddable":true,"href":"https:\/\/www.hotelchristopher.com\/pt-br\/wp-json\/wp\/v2\/users\/2"}],"replies":[{"embeddable":true,"href":"https:\/\/www.hotelchristopher.com\/pt-br\/wp-json\/wp\/v2\/comments?post=6039"}],"version-history":[{"count":2,"href":"https:\/\/www.hotelchristopher.com\/pt-br\/wp-json\/wp\/v2\/pages\/6039\/revisions"}],"predecessor-version":[{"id":334907,"href":"https:\/\/www.hotelchristopher.com\/pt-br\/wp-json\/wp\/v2\/pages\/6039\/revisions\/334907"}],"up":[{"embeddable":true,"href":"https:\/\/www.hotelchristopher.com\/pt-br\/wp-json\/wp\/v2\/pages\/6442"}],"wp:attachment":[{"href":"https:\/\/www.hotelchristopher.com\/pt-br\/wp-json\/wp\/v2\/media?parent=6039"}],"curies":[{"name":"wp","href":"https:\/\/api.w.org\/{rel}","templated":true}]}}